{"id":8311,"date":"2024-04-28T12:48:07","date_gmt":"2024-04-28T15:48:07","guid":{"rendered":"https:\/\/www.ailmining.com\/?page_id=8311"},"modified":"2025-03-07T14:31:52","modified_gmt":"2025-03-07T18:31:52","slug":"mettre-en-oeuvre-la-empolitique-en-matiere-de-durabilite-em","status":"publish","type":"page","link":"https:\/\/www.ailmining.com\/fr\/mettre-en-oeuvre-la-empolitique-en-matiere-de-durabilite-em\/","title":{"rendered":"Mettre en oeuvre la Politique en mati\u00e8re de durabilit\u00e9"},"content":{"rendered":"","protected":false},"excerpt":{"rendered":"","protected":false},"author":5,"featured_media":0,"parent":0,"menu_order":0,"comment_status":"closed","ping_status":"closed","template":"page.php","meta":{"_acf_changed":true,"footnotes":""},"class_list":["post-8311","page","type-page","status-publish","hentry"],"acf":[],"yoast_head":"<!-- This site is optimized with the Yoast SEO plugin v27.3 - https:\/\/yoast.com\/product\/yoast-seo-wordpress\/ -->\n<title>Mettre en oeuvre la Politique en mati\u00e8re de durabilit\u00e9 Mettre en oeuvre la Politique en mati\u00e8re de durabilit\u00e9 - AIL Mining<\/title>\n<meta name=\"description\" content=\"Le groupe AIL s&#039;engage pour un avenir meilleur. La durabilit\u00e9 est un pilier de notre entreprise.\" \/>\n<meta name=\"robots\" content=\"index, follow, max-snippet:-1, max-image-preview:large, max-video-preview:-1\" \/>\n<link rel=\"canonical\" href=\"https:\/\/www.ailmining.com\/fr\/mettre-en-oeuvre-la-empolitique-en-matiere-de-durabilite-em\/\" \/>\n<meta property=\"og:locale\" content=\"fr_FR\" \/>\n<meta property=\"og:type\" content=\"article\" \/>\n<meta property=\"og:title\" content=\"Mettre en oeuvre la Politique en mati\u00e8re de durabilit\u00e9 Mettre en oeuvre la Politique en mati\u00e8re de durabilit\u00e9 - AIL Mining\" \/>\n<meta property=\"og:description\" content=\"Le groupe AIL s&#039;engage pour un avenir meilleur. La durabilit\u00e9 est un pilier de notre entreprise.\" \/>\n<meta property=\"og:url\" content=\"https:\/\/www.ailmining.com\/fr\/mettre-en-oeuvre-la-empolitique-en-matiere-de-durabilite-em\/\" \/>\n<meta property=\"og:site_name\" content=\"AIL Mining\" \/>\n<meta property=\"article:modified_time\" content=\"2025-03-07T18:31:52+00:00\" \/>\n<meta name=\"twitter:card\" content=\"summary_large_image\" \/>\n<script type=\"application\/ld+json\" class=\"yoast-schema-graph\">{\"@context\":\"https:\\\/\\\/schema.org\",\"@graph\":[{\"@type\":\"WebPage\",\"@id\":\"https:\\\/\\\/www.ailmining.com\\\/fr\\\/mettre-en-oeuvre-la-empolitique-en-matiere-de-durabilite-em\\\/\",\"url\":\"https:\\\/\\\/www.ailmining.com\\\/fr\\\/mettre-en-oeuvre-la-empolitique-en-matiere-de-durabilite-em\\\/\",\"name\":\"Mettre en oeuvre la Politique en mati\u00e8re de durabilit\u00e9 Mettre en oeuvre la Politique en mati\u00e8re de durabilit\u00e9 - AIL Mining\",\"isPartOf\":{\"@id\":\"https:\\\/\\\/www.ailmining.com\\\/fr\\\/#website\"},\"datePublished\":\"2024-04-28T15:48:07+00:00\",\"dateModified\":\"2025-03-07T18:31:52+00:00\",\"description\":\"Le groupe AIL s'engage pour un avenir meilleur. La durabilit\u00e9 est un pilier de notre entreprise.\",\"breadcrumb\":{\"@id\":\"https:\\\/\\\/www.ailmining.com\\\/fr\\\/mettre-en-oeuvre-la-empolitique-en-matiere-de-durabilite-em\\\/#breadcrumb\"},\"inLanguage\":\"fr-FR\",\"potentialAction\":[{\"@type\":\"ReadAction\",\"target\":[\"https:\\\/\\\/www.ailmining.com\\\/fr\\\/mettre-en-oeuvre-la-empolitique-en-matiere-de-durabilite-em\\\/\"]}]},{\"@type\":\"BreadcrumbList\",\"@id\":\"https:\\\/\\\/www.ailmining.com\\\/fr\\\/mettre-en-oeuvre-la-empolitique-en-matiere-de-durabilite-em\\\/#breadcrumb\",\"itemListElement\":[{\"@type\":\"ListItem\",\"position\":1,\"name\":\"Home\",\"item\":\"https:\\\/\\\/www.ailmining.com\\\/fr\\\/\"},{\"@type\":\"ListItem\",\"position\":2,\"name\":\"Mettre en oeuvre la Politique en mati\u00e8re de durabilit\u00e9\"}]},{\"@type\":\"WebSite\",\"@id\":\"https:\\\/\\\/www.ailmining.com\\\/fr\\\/#website\",\"url\":\"https:\\\/\\\/www.ailmining.com\\\/fr\\\/\",\"name\":\"AIL Mining\",\"description\":\"AIL Group of Companies\",\"potentialAction\":[{\"@type\":\"SearchAction\",\"target\":{\"@type\":\"EntryPoint\",\"urlTemplate\":\"https:\\\/\\\/www.ailmining.com\\\/fr\\\/?s={search_term_string}\"},\"query-input\":{\"@type\":\"PropertyValueSpecification\",\"valueRequired\":true,\"valueName\":\"search_term_string\"}}],\"inLanguage\":\"fr-FR\"}]}<\/script>\n<!-- \/ Yoast SEO plugin. -->","yoast_head_json":{"title":"Mettre en oeuvre la Politique en mati\u00e8re de durabilit\u00e9 Mettre en oeuvre la Politique en mati\u00e8re de durabilit\u00e9 - AIL Mining","description":"Le groupe AIL s'engage pour un avenir meilleur. La durabilit\u00e9 est un pilier de notre entreprise.","robots":{"index":"index","follow":"follow","max-snippet":"max-snippet:-1","max-image-preview":"max-image-preview:large","max-video-preview":"max-video-preview:-1"},"canonical":"https:\/\/www.ailmining.com\/fr\/mettre-en-oeuvre-la-empolitique-en-matiere-de-durabilite-em\/","og_locale":"fr_FR","og_type":"article","og_title":"Mettre en oeuvre la Politique en mati\u00e8re de durabilit\u00e9 Mettre en oeuvre la Politique en mati\u00e8re de durabilit\u00e9 - AIL Mining","og_description":"Le groupe AIL s'engage pour un avenir meilleur. La durabilit\u00e9 est un pilier de notre entreprise.","og_url":"https:\/\/www.ailmining.com\/fr\/mettre-en-oeuvre-la-empolitique-en-matiere-de-durabilite-em\/","og_site_name":"AIL Mining","article_modified_time":"2025-03-07T18:31:52+00:00","twitter_card":"summary_large_image","schema":{"@context":"https:\/\/schema.org","@graph":[{"@type":"WebPage","@id":"https:\/\/www.ailmining.com\/fr\/mettre-en-oeuvre-la-empolitique-en-matiere-de-durabilite-em\/","url":"https:\/\/www.ailmining.com\/fr\/mettre-en-oeuvre-la-empolitique-en-matiere-de-durabilite-em\/","name":"Mettre en oeuvre la Politique en mati\u00e8re de durabilit\u00e9 Mettre en oeuvre la Politique en mati\u00e8re de durabilit\u00e9 - AIL Mining","isPartOf":{"@id":"https:\/\/www.ailmining.com\/fr\/#website"},"datePublished":"2024-04-28T15:48:07+00:00","dateModified":"2025-03-07T18:31:52+00:00","description":"Le groupe AIL s'engage pour un avenir meilleur. La durabilit\u00e9 est un pilier de notre entreprise.","breadcrumb":{"@id":"https:\/\/www.ailmining.com\/fr\/mettre-en-oeuvre-la-empolitique-en-matiere-de-durabilite-em\/#breadcrumb"},"inLanguage":"fr-FR","potentialAction":[{"@type":"ReadAction","target":["https:\/\/www.ailmining.com\/fr\/mettre-en-oeuvre-la-empolitique-en-matiere-de-durabilite-em\/"]}]},{"@type":"BreadcrumbList","@id":"https:\/\/www.ailmining.com\/fr\/mettre-en-oeuvre-la-empolitique-en-matiere-de-durabilite-em\/#breadcrumb","itemListElement":[{"@type":"ListItem","position":1,"name":"Home","item":"https:\/\/www.ailmining.com\/fr\/"},{"@type":"ListItem","position":2,"name":"Mettre en oeuvre la Politique en mati\u00e8re de durabilit\u00e9"}]},{"@type":"WebSite","@id":"https:\/\/www.ailmining.com\/fr\/#website","url":"https:\/\/www.ailmining.com\/fr\/","name":"AIL Mining","description":"AIL Group of Companies","potentialAction":[{"@type":"SearchAction","target":{"@type":"EntryPoint","urlTemplate":"https:\/\/www.ailmining.com\/fr\/?s={search_term_string}"},"query-input":{"@type":"PropertyValueSpecification","valueRequired":true,"valueName":"search_term_string"}}],"inLanguage":"fr-FR"}]}},"_links":{"self":[{"href":"https:\/\/www.ailmining.com\/fr\/wp-json\/wp\/v2\/pages\/8311","targetHints":{"allow":["GET"]}}],"collection":[{"href":"https:\/\/www.ailmining.com\/fr\/wp-json\/wp\/v2\/pages"}],"about":[{"href":"https:\/\/www.ailmining.com\/fr\/wp-json\/wp\/v2\/types\/page"}],"author":[{"embeddable":true,"href":"https:\/\/www.ailmining.com\/fr\/wp-json\/wp\/v2\/users\/5"}],"replies":[{"embeddable":true,"href":"https:\/\/www.ailmining.com\/fr\/wp-json\/wp\/v2\/comments?post=8311"}],"version-history":[{"count":0,"href":"https:\/\/www.ailmining.com\/fr\/wp-json\/wp\/v2\/pages\/8311\/revisions"}],"wp:attachment":[{"href":"https:\/\/www.ailmining.com\/fr\/wp-json\/wp\/v2\/media?parent=8311"}],"curies":[{"name":"wp","href":"https:\/\/api.w.org\/{rel}","templated":true}]}}