{"id":5785,"date":"2018-02-23T14:18:28","date_gmt":"2018-02-23T14:18:28","guid":{"rendered":"http:\/\/www.ailmining.com\/?page_id=5785"},"modified":"2021-06-07T11:28:33","modified_gmt":"2021-06-07T14:28:33","slug":"politique-de-confidentialite","status":"publish","type":"page","link":"https:\/\/www.ailmining.com\/fr\/politique-de-confidentialite\/","title":{"rendered":"Politique de confidentialit\u00e9"},"content":{"rendered":"<h2>Merci d\u2019avoir visit\u00e9 notre site.<\/h2>\n<p>Nous jugeons essentiel de pr\u00e9server la confidentialit\u00e9 de vos informations afin de promouvoir la confiance et le respect et d\u2019\u00e9tablir de solides relations avec vous, nos clients. Pour toute question ou pr\u00e9occupation, n\u2019h\u00e9sitez pas \u00e0 communiquer en tout temps avec nous \u00e0 info@ail.ca.<\/p>\n<p>En aucun cas le Groupe d\u2019entreprises AIL ne c\u00e9dera, louera ou pr\u00eatera ses listes de personnes-ressources ou de clients \u00e0 une entreprise ext\u00e9rieure. Nous donnerons suite aux demandes de r\u00e9siliation d\u2019abonnement dans les minutes qui suivent et aucune autre communication ne sera \u00e9tablie avec les usagers qui auront confirm\u00e9 ne pas vouloir recevoir les renseignements d\u00e9sign\u00e9s.<\/p>\n","protected":false},"excerpt":{"rendered":"<p>Merci d\u2019avoir visit\u00e9 notre site. Nous jugeons essentiel de pr\u00e9server la confidentialit\u00e9 de vos informations afin de promouvoir la confiance et le respect et d\u2019\u00e9tablir de solides relations avec vous, nos clients. Pour toute question ou pr\u00e9occupation, n\u2019h\u00e9sitez pas \u00e0 communiquer en tout temps avec nous \u00e0 info@ail.ca. En aucun cas le Groupe d\u2019entreprises AIL [&hellip;]<\/p>\n","protected":false},"author":5,"featured_media":0,"parent":0,"menu_order":0,"comment_status":"closed","ping_status":"closed","template":"page.php","meta":{"_acf_changed":false,"footnotes":""},"class_list":["post-5785","page","type-page","status-publish","hentry"],"acf":[],"yoast_head":"<!-- This site is optimized with the Yoast SEO plugin v27.3 - https:\/\/yoast.com\/product\/yoast-seo-wordpress\/ -->\n<title>Politique de confidentialit\u00e9 - AIL Mining<\/title>\n<meta name=\"description\" content=\"AIL Mining : Politique de confidentialit\u00e9 \u2013 Notre engagement envers la protection de vos renseignements personnels.\" \/>\n<meta name=\"robots\" content=\"index, follow, max-snippet:-1, max-image-preview:large, max-video-preview:-1\" \/>\n<link rel=\"canonical\" href=\"https:\/\/www.ailmining.com\/fr\/politique-de-confidentialite\/\" \/>\n<meta property=\"og:locale\" content=\"fr_FR\" \/>\n<meta property=\"og:type\" content=\"article\" \/>\n<meta property=\"og:title\" content=\"Politique de confidentialit\u00e9 - AIL Mining\" \/>\n<meta property=\"og:description\" content=\"AIL Mining : Politique de confidentialit\u00e9 \u2013 Notre engagement envers la protection de vos renseignements personnels.\" \/>\n<meta property=\"og:url\" content=\"https:\/\/www.ailmining.com\/fr\/politique-de-confidentialite\/\" \/>\n<meta property=\"og:site_name\" content=\"AIL Mining\" \/>\n<meta property=\"article:modified_time\" content=\"2021-06-07T14:28:33+00:00\" \/>\n<meta name=\"twitter:card\" content=\"summary_large_image\" \/>\n<meta name=\"twitter:label1\" content=\"Dur\u00e9e de lecture estim\u00e9e\" \/>\n\t<meta name=\"twitter:data1\" content=\"1 minute\" \/>\n<script type=\"application\/ld+json\" class=\"yoast-schema-graph\">{\"@context\":\"https:\\\/\\\/schema.org\",\"@graph\":[{\"@type\":\"WebPage\",\"@id\":\"https:\\\/\\\/www.ailmining.com\\\/fr\\\/politique-de-confidentialite\\\/\",\"url\":\"https:\\\/\\\/www.ailmining.com\\\/fr\\\/politique-de-confidentialite\\\/\",\"name\":\"Politique de confidentialit\u00e9 - AIL Mining\",\"isPartOf\":{\"@id\":\"https:\\\/\\\/www.ailmining.com\\\/fr\\\/#website\"},\"datePublished\":\"2018-02-23T14:18:28+00:00\",\"dateModified\":\"2021-06-07T14:28:33+00:00\",\"description\":\"AIL Mining : Politique de confidentialit\u00e9 \u2013 Notre engagement envers la protection de vos renseignements personnels.\",\"breadcrumb\":{\"@id\":\"https:\\\/\\\/www.ailmining.com\\\/fr\\\/politique-de-confidentialite\\\/#breadcrumb\"},\"inLanguage\":\"fr-FR\",\"potentialAction\":[{\"@type\":\"ReadAction\",\"target\":[\"https:\\\/\\\/www.ailmining.com\\\/fr\\\/politique-de-confidentialite\\\/\"]}]},{\"@type\":\"BreadcrumbList\",\"@id\":\"https:\\\/\\\/www.ailmining.com\\\/fr\\\/politique-de-confidentialite\\\/#breadcrumb\",\"itemListElement\":[{\"@type\":\"ListItem\",\"position\":1,\"name\":\"Home\",\"item\":\"https:\\\/\\\/www.ailmining.com\\\/fr\\\/\"},{\"@type\":\"ListItem\",\"position\":2,\"name\":\"Politique de confidentialit\u00e9\"}]},{\"@type\":\"WebSite\",\"@id\":\"https:\\\/\\\/www.ailmining.com\\\/fr\\\/#website\",\"url\":\"https:\\\/\\\/www.ailmining.com\\\/fr\\\/\",\"name\":\"AIL Mining\",\"description\":\"AIL Group of Companies\",\"potentialAction\":[{\"@type\":\"SearchAction\",\"target\":{\"@type\":\"EntryPoint\",\"urlTemplate\":\"https:\\\/\\\/www.ailmining.com\\\/fr\\\/?s={search_term_string}\"},\"query-input\":{\"@type\":\"PropertyValueSpecification\",\"valueRequired\":true,\"valueName\":\"search_term_string\"}}],\"inLanguage\":\"fr-FR\"}]}<\/script>\n<!-- \/ Yoast SEO plugin. -->","yoast_head_json":{"title":"Politique de confidentialit\u00e9 - AIL Mining","description":"AIL Mining : Politique de confidentialit\u00e9 \u2013 Notre engagement envers la protection de vos renseignements personnels.","robots":{"index":"index","follow":"follow","max-snippet":"max-snippet:-1","max-image-preview":"max-image-preview:large","max-video-preview":"max-video-preview:-1"},"canonical":"https:\/\/www.ailmining.com\/fr\/politique-de-confidentialite\/","og_locale":"fr_FR","og_type":"article","og_title":"Politique de confidentialit\u00e9 - AIL Mining","og_description":"AIL Mining : Politique de confidentialit\u00e9 \u2013 Notre engagement envers la protection de vos renseignements personnels.","og_url":"https:\/\/www.ailmining.com\/fr\/politique-de-confidentialite\/","og_site_name":"AIL Mining","article_modified_time":"2021-06-07T14:28:33+00:00","twitter_card":"summary_large_image","twitter_misc":{"Dur\u00e9e de lecture estim\u00e9e":"1 minute"},"schema":{"@context":"https:\/\/schema.org","@graph":[{"@type":"WebPage","@id":"https:\/\/www.ailmining.com\/fr\/politique-de-confidentialite\/","url":"https:\/\/www.ailmining.com\/fr\/politique-de-confidentialite\/","name":"Politique de confidentialit\u00e9 - AIL Mining","isPartOf":{"@id":"https:\/\/www.ailmining.com\/fr\/#website"},"datePublished":"2018-02-23T14:18:28+00:00","dateModified":"2021-06-07T14:28:33+00:00","description":"AIL Mining : Politique de confidentialit\u00e9 \u2013 Notre engagement envers la protection de vos renseignements personnels.","breadcrumb":{"@id":"https:\/\/www.ailmining.com\/fr\/politique-de-confidentialite\/#breadcrumb"},"inLanguage":"fr-FR","potentialAction":[{"@type":"ReadAction","target":["https:\/\/www.ailmining.com\/fr\/politique-de-confidentialite\/"]}]},{"@type":"BreadcrumbList","@id":"https:\/\/www.ailmining.com\/fr\/politique-de-confidentialite\/#breadcrumb","itemListElement":[{"@type":"ListItem","position":1,"name":"Home","item":"https:\/\/www.ailmining.com\/fr\/"},{"@type":"ListItem","position":2,"name":"Politique de confidentialit\u00e9"}]},{"@type":"WebSite","@id":"https:\/\/www.ailmining.com\/fr\/#website","url":"https:\/\/www.ailmining.com\/fr\/","name":"AIL Mining","description":"AIL Group of Companies","potentialAction":[{"@type":"SearchAction","target":{"@type":"EntryPoint","urlTemplate":"https:\/\/www.ailmining.com\/fr\/?s={search_term_string}"},"query-input":{"@type":"PropertyValueSpecification","valueRequired":true,"valueName":"search_term_string"}}],"inLanguage":"fr-FR"}]}},"_links":{"self":[{"href":"https:\/\/www.ailmining.com\/fr\/wp-json\/wp\/v2\/pages\/5785","targetHints":{"allow":["GET"]}}],"collection":[{"href":"https:\/\/www.ailmining.com\/fr\/wp-json\/wp\/v2\/pages"}],"about":[{"href":"https:\/\/www.ailmining.com\/fr\/wp-json\/wp\/v2\/types\/page"}],"author":[{"embeddable":true,"href":"https:\/\/www.ailmining.com\/fr\/wp-json\/wp\/v2\/users\/5"}],"replies":[{"embeddable":true,"href":"https:\/\/www.ailmining.com\/fr\/wp-json\/wp\/v2\/comments?post=5785"}],"version-history":[{"count":0,"href":"https:\/\/www.ailmining.com\/fr\/wp-json\/wp\/v2\/pages\/5785\/revisions"}],"wp:attachment":[{"href":"https:\/\/www.ailmining.com\/fr\/wp-json\/wp\/v2\/media?parent=5785"}],"curies":[{"name":"wp","href":"https:\/\/api.w.org\/{rel}","templated":true}]}}