{"id":5245,"date":"2018-01-18T14:26:30","date_gmt":"2018-01-18T14:26:30","guid":{"rendered":"http:\/\/www.ailmining.com\/home\/"},"modified":"2025-04-30T11:39:36","modified_gmt":"2025-04-30T14:39:36","slug":"home","status":"publish","type":"page","link":"https:\/\/www.ailmining.com\/fr\/","title":{"rendered":"Accueil"},"content":{"rendered":"","protected":false},"excerpt":{"rendered":"","protected":false},"author":5,"featured_media":0,"parent":0,"menu_order":0,"comment_status":"closed","ping_status":"closed","template":"page-home.php","meta":{"_acf_changed":true,"footnotes":""},"class_list":["post-5245","page","type-page","status-publish","hentry"],"acf":[],"yoast_head":"<!-- This site is optimized with the Yoast SEO plugin v27.3 - https:\/\/yoast.com\/product\/yoast-seo-wordpress\/ -->\n<title>Accueil | AIL Mining<\/title>\n<meta name=\"description\" content=\"Les professionnels du secteur minier d&#039;AIL Mining peuvent vous aider \u00e0 demeurer concurrentiel gr\u00e2ce \u00e0 des solutions d&#039;infrastructure de site minier qui vous feront gagner temps et argent..Nos solutions d&#039;infrastructure de site minier r\u00e9pondent aux besoins diversifi\u00e9s de l&#039;industrie mini\u00e8re et r\u00e9sistent aux conditions climatiques souvent rigoureuses dans le secteur minier. Communiquez avec AIL Mining d\u00e8s aujourd&#039;hui.\" \/>\n<meta name=\"robots\" content=\"index, follow, max-snippet:-1, max-image-preview:large, max-video-preview:-1\" \/>\n<link rel=\"canonical\" href=\"https:\/\/www.ailmining.com\/fr\/\" \/>\n<meta property=\"og:locale\" content=\"fr_FR\" \/>\n<meta property=\"og:type\" content=\"article\" \/>\n<meta property=\"og:title\" content=\"Accueil | AIL Mining\" \/>\n<meta property=\"og:description\" content=\"Les professionnels du secteur minier d&#039;AIL Mining peuvent vous aider \u00e0 demeurer concurrentiel gr\u00e2ce \u00e0 des solutions d&#039;infrastructure de site minier qui vous feront gagner temps et argent..Nos solutions d&#039;infrastructure de site minier r\u00e9pondent aux besoins diversifi\u00e9s de l&#039;industrie mini\u00e8re et r\u00e9sistent aux conditions climatiques souvent rigoureuses dans le secteur minier. Communiquez avec AIL Mining d\u00e8s aujourd&#039;hui.\" \/>\n<meta property=\"og:url\" content=\"https:\/\/www.ailmining.com\/fr\/\" \/>\n<meta property=\"og:site_name\" content=\"AIL Mining\" \/>\n<meta property=\"article:modified_time\" content=\"2025-04-30T14:39:36+00:00\" \/>\n<meta name=\"twitter:card\" content=\"summary_large_image\" \/>\n<script type=\"application\/ld+json\" class=\"yoast-schema-graph\">{\"@context\":\"https:\\\/\\\/schema.org\",\"@graph\":[{\"@type\":\"WebPage\",\"@id\":\"https:\\\/\\\/www.ailmining.com\\\/fr\\\/\",\"url\":\"https:\\\/\\\/www.ailmining.com\\\/fr\\\/\",\"name\":\"Accueil | AIL Mining\",\"isPartOf\":{\"@id\":\"https:\\\/\\\/www.ailmining.com\\\/fr\\\/#website\"},\"datePublished\":\"2018-01-18T14:26:30+00:00\",\"dateModified\":\"2025-04-30T14:39:36+00:00\",\"description\":\"Les professionnels du secteur minier d'AIL Mining peuvent vous aider \u00e0 demeurer concurrentiel gr\u00e2ce \u00e0 des solutions d'infrastructure de site minier qui vous feront gagner temps et argent..Nos solutions d'infrastructure de site minier r\u00e9pondent aux besoins diversifi\u00e9s de l'industrie mini\u00e8re et r\u00e9sistent aux conditions climatiques souvent rigoureuses dans le secteur minier. Communiquez avec AIL Mining d\u00e8s aujourd'hui.\",\"breadcrumb\":{\"@id\":\"https:\\\/\\\/www.ailmining.com\\\/fr\\\/#breadcrumb\"},\"inLanguage\":\"fr-FR\",\"potentialAction\":[{\"@type\":\"ReadAction\",\"target\":[\"https:\\\/\\\/www.ailmining.com\\\/fr\\\/\"]}]},{\"@type\":\"BreadcrumbList\",\"@id\":\"https:\\\/\\\/www.ailmining.com\\\/fr\\\/#breadcrumb\",\"itemListElement\":[{\"@type\":\"ListItem\",\"position\":1,\"name\":\"Home\",\"item\":\"https:\\\/\\\/www.ailmining.com\\\/fr\\\/\"},{\"@type\":\"ListItem\",\"position\":2,\"name\":\"Accueil\"}]},{\"@type\":\"WebSite\",\"@id\":\"https:\\\/\\\/www.ailmining.com\\\/fr\\\/#website\",\"url\":\"https:\\\/\\\/www.ailmining.com\\\/fr\\\/\",\"name\":\"AIL Mining\",\"description\":\"AIL Group of Companies\",\"potentialAction\":[{\"@type\":\"SearchAction\",\"target\":{\"@type\":\"EntryPoint\",\"urlTemplate\":\"https:\\\/\\\/www.ailmining.com\\\/fr\\\/?s={search_term_string}\"},\"query-input\":{\"@type\":\"PropertyValueSpecification\",\"valueRequired\":true,\"valueName\":\"search_term_string\"}}],\"inLanguage\":\"fr-FR\"}]}<\/script>\n<!-- \/ Yoast SEO plugin. -->","yoast_head_json":{"title":"Accueil | AIL Mining","description":"Les professionnels du secteur minier d'AIL Mining peuvent vous aider \u00e0 demeurer concurrentiel gr\u00e2ce \u00e0 des solutions d'infrastructure de site minier qui vous feront gagner temps et argent..Nos solutions d'infrastructure de site minier r\u00e9pondent aux besoins diversifi\u00e9s de l'industrie mini\u00e8re et r\u00e9sistent aux conditions climatiques souvent rigoureuses dans le secteur minier. Communiquez avec AIL Mining d\u00e8s aujourd'hui.","robots":{"index":"index","follow":"follow","max-snippet":"max-snippet:-1","max-image-preview":"max-image-preview:large","max-video-preview":"max-video-preview:-1"},"canonical":"https:\/\/www.ailmining.com\/fr\/","og_locale":"fr_FR","og_type":"article","og_title":"Accueil | AIL Mining","og_description":"Les professionnels du secteur minier d'AIL Mining peuvent vous aider \u00e0 demeurer concurrentiel gr\u00e2ce \u00e0 des solutions d'infrastructure de site minier qui vous feront gagner temps et argent..Nos solutions d'infrastructure de site minier r\u00e9pondent aux besoins diversifi\u00e9s de l'industrie mini\u00e8re et r\u00e9sistent aux conditions climatiques souvent rigoureuses dans le secteur minier. Communiquez avec AIL Mining d\u00e8s aujourd'hui.","og_url":"https:\/\/www.ailmining.com\/fr\/","og_site_name":"AIL Mining","article_modified_time":"2025-04-30T14:39:36+00:00","twitter_card":"summary_large_image","schema":{"@context":"https:\/\/schema.org","@graph":[{"@type":"WebPage","@id":"https:\/\/www.ailmining.com\/fr\/","url":"https:\/\/www.ailmining.com\/fr\/","name":"Accueil | AIL Mining","isPartOf":{"@id":"https:\/\/www.ailmining.com\/fr\/#website"},"datePublished":"2018-01-18T14:26:30+00:00","dateModified":"2025-04-30T14:39:36+00:00","description":"Les professionnels du secteur minier d'AIL Mining peuvent vous aider \u00e0 demeurer concurrentiel gr\u00e2ce \u00e0 des solutions d'infrastructure de site minier qui vous feront gagner temps et argent..Nos solutions d'infrastructure de site minier r\u00e9pondent aux besoins diversifi\u00e9s de l'industrie mini\u00e8re et r\u00e9sistent aux conditions climatiques souvent rigoureuses dans le secteur minier. Communiquez avec AIL Mining d\u00e8s aujourd'hui.","breadcrumb":{"@id":"https:\/\/www.ailmining.com\/fr\/#breadcrumb"},"inLanguage":"fr-FR","potentialAction":[{"@type":"ReadAction","target":["https:\/\/www.ailmining.com\/fr\/"]}]},{"@type":"BreadcrumbList","@id":"https:\/\/www.ailmining.com\/fr\/#breadcrumb","itemListElement":[{"@type":"ListItem","position":1,"name":"Home","item":"https:\/\/www.ailmining.com\/fr\/"},{"@type":"ListItem","position":2,"name":"Accueil"}]},{"@type":"WebSite","@id":"https:\/\/www.ailmining.com\/fr\/#website","url":"https:\/\/www.ailmining.com\/fr\/","name":"AIL Mining","description":"AIL Group of Companies","potentialAction":[{"@type":"SearchAction","target":{"@type":"EntryPoint","urlTemplate":"https:\/\/www.ailmining.com\/fr\/?s={search_term_string}"},"query-input":{"@type":"PropertyValueSpecification","valueRequired":true,"valueName":"search_term_string"}}],"inLanguage":"fr-FR"}]}},"_links":{"self":[{"href":"https:\/\/www.ailmining.com\/fr\/wp-json\/wp\/v2\/pages\/5245","targetHints":{"allow":["GET"]}}],"collection":[{"href":"https:\/\/www.ailmining.com\/fr\/wp-json\/wp\/v2\/pages"}],"about":[{"href":"https:\/\/www.ailmining.com\/fr\/wp-json\/wp\/v2\/types\/page"}],"author":[{"embeddable":true,"href":"https:\/\/www.ailmining.com\/fr\/wp-json\/wp\/v2\/users\/5"}],"replies":[{"embeddable":true,"href":"https:\/\/www.ailmining.com\/fr\/wp-json\/wp\/v2\/comments?post=5245"}],"version-history":[{"count":0,"href":"https:\/\/www.ailmining.com\/fr\/wp-json\/wp\/v2\/pages\/5245\/revisions"}],"wp:attachment":[{"href":"https:\/\/www.ailmining.com\/fr\/wp-json\/wp\/v2\/media?parent=5245"}],"curies":[{"name":"wp","href":"https:\/\/api.w.org\/{rel}","templated":true}]}}