{"id":5237,"date":"2018-01-18T16:57:12","date_gmt":"2018-01-18T16:57:12","guid":{"rendered":"http:\/\/www.ailmining.com\/projects\/"},"modified":"2026-03-03T16:55:21","modified_gmt":"2026-03-03T20:55:21","slug":"projects","status":"publish","type":"page","link":"https:\/\/www.ailmining.com\/fr\/projects\/","title":{"rendered":"Projets"},"content":{"rendered":"","protected":false},"excerpt":{"rendered":"","protected":false},"author":5,"featured_media":0,"parent":0,"menu_order":0,"comment_status":"closed","ping_status":"closed","template":"page-project.php","meta":{"_acf_changed":false,"footnotes":""},"class_list":["post-5237","page","type-page","status-publish","hentry"],"acf":[],"yoast_head":"<!-- This site is optimized with the Yoast SEO plugin v27.3 - https:\/\/yoast.com\/product\/yoast-seo-wordpress\/ -->\n<title>Projets | AIL Mining<\/title>\n<meta name=\"description\" content=\"Consultez plusieurs \u00e9tudes de cas dans la biblioth\u00e8que de projets d&#039;AIL Mining. Les projets sont class\u00e9s par application ou par produit. Notre gamme diversifi\u00e9e de solutions d&#039;infrastructure de site minier est utilis\u00e9e depuis plus de 50 ans dans le secteur minier. Abonnement au bulletin \u00e9lectronique. Communiquez avec AIL Mining d\u00e8s aujourd&#039;hui.\" \/>\n<meta name=\"robots\" content=\"index, follow, max-snippet:-1, max-image-preview:large, max-video-preview:-1\" \/>\n<link rel=\"canonical\" href=\"https:\/\/www.ailmining.com\/fr\/projects\/\" \/>\n<meta property=\"og:locale\" content=\"fr_FR\" \/>\n<meta property=\"og:type\" content=\"article\" \/>\n<meta property=\"og:title\" content=\"Projets | AIL Mining\" \/>\n<meta property=\"og:description\" content=\"Consultez plusieurs \u00e9tudes de cas dans la biblioth\u00e8que de projets d&#039;AIL Mining. Les projets sont class\u00e9s par application ou par produit. Notre gamme diversifi\u00e9e de solutions d&#039;infrastructure de site minier est utilis\u00e9e depuis plus de 50 ans dans le secteur minier. Abonnement au bulletin \u00e9lectronique. Communiquez avec AIL Mining d\u00e8s aujourd&#039;hui.\" \/>\n<meta property=\"og:url\" content=\"https:\/\/www.ailmining.com\/fr\/projects\/\" \/>\n<meta property=\"og:site_name\" content=\"AIL Mining\" \/>\n<meta property=\"article:modified_time\" content=\"2026-03-03T20:55:21+00:00\" \/>\n<meta name=\"twitter:card\" content=\"summary_large_image\" \/>\n<script type=\"application\/ld+json\" class=\"yoast-schema-graph\">{\"@context\":\"https:\\\/\\\/schema.org\",\"@graph\":[{\"@type\":\"WebPage\",\"@id\":\"https:\\\/\\\/www.ailmining.com\\\/fr\\\/projects\\\/\",\"url\":\"https:\\\/\\\/www.ailmining.com\\\/fr\\\/projects\\\/\",\"name\":\"Projets | AIL Mining\",\"isPartOf\":{\"@id\":\"https:\\\/\\\/www.ailmining.com\\\/fr\\\/#website\"},\"datePublished\":\"2018-01-18T16:57:12+00:00\",\"dateModified\":\"2026-03-03T20:55:21+00:00\",\"description\":\"Consultez plusieurs \u00e9tudes de cas dans la biblioth\u00e8que de projets d'AIL Mining. Les projets sont class\u00e9s par application ou par produit. Notre gamme diversifi\u00e9e de solutions d'infrastructure de site minier est utilis\u00e9e depuis plus de 50 ans dans le secteur minier. Abonnement au bulletin \u00e9lectronique. Communiquez avec AIL Mining d\u00e8s aujourd'hui.\",\"breadcrumb\":{\"@id\":\"https:\\\/\\\/www.ailmining.com\\\/fr\\\/projects\\\/#breadcrumb\"},\"inLanguage\":\"fr-FR\",\"potentialAction\":[{\"@type\":\"ReadAction\",\"target\":[\"https:\\\/\\\/www.ailmining.com\\\/fr\\\/projects\\\/\"]}]},{\"@type\":\"BreadcrumbList\",\"@id\":\"https:\\\/\\\/www.ailmining.com\\\/fr\\\/projects\\\/#breadcrumb\",\"itemListElement\":[{\"@type\":\"ListItem\",\"position\":1,\"name\":\"Home\",\"item\":\"https:\\\/\\\/www.ailmining.com\\\/fr\\\/\"},{\"@type\":\"ListItem\",\"position\":2,\"name\":\"Projets\"}]},{\"@type\":\"WebSite\",\"@id\":\"https:\\\/\\\/www.ailmining.com\\\/fr\\\/#website\",\"url\":\"https:\\\/\\\/www.ailmining.com\\\/fr\\\/\",\"name\":\"AIL Mining\",\"description\":\"AIL Group of Companies\",\"potentialAction\":[{\"@type\":\"SearchAction\",\"target\":{\"@type\":\"EntryPoint\",\"urlTemplate\":\"https:\\\/\\\/www.ailmining.com\\\/fr\\\/?s={search_term_string}\"},\"query-input\":{\"@type\":\"PropertyValueSpecification\",\"valueRequired\":true,\"valueName\":\"search_term_string\"}}],\"inLanguage\":\"fr-FR\"}]}<\/script>\n<!-- \/ Yoast SEO plugin. -->","yoast_head_json":{"title":"Projets | AIL Mining","description":"Consultez plusieurs \u00e9tudes de cas dans la biblioth\u00e8que de projets d'AIL Mining. Les projets sont class\u00e9s par application ou par produit. Notre gamme diversifi\u00e9e de solutions d'infrastructure de site minier est utilis\u00e9e depuis plus de 50 ans dans le secteur minier. Abonnement au bulletin \u00e9lectronique. Communiquez avec AIL Mining d\u00e8s aujourd'hui.","robots":{"index":"index","follow":"follow","max-snippet":"max-snippet:-1","max-image-preview":"max-image-preview:large","max-video-preview":"max-video-preview:-1"},"canonical":"https:\/\/www.ailmining.com\/fr\/projects\/","og_locale":"fr_FR","og_type":"article","og_title":"Projets | AIL Mining","og_description":"Consultez plusieurs \u00e9tudes de cas dans la biblioth\u00e8que de projets d'AIL Mining. Les projets sont class\u00e9s par application ou par produit. Notre gamme diversifi\u00e9e de solutions d'infrastructure de site minier est utilis\u00e9e depuis plus de 50 ans dans le secteur minier. Abonnement au bulletin \u00e9lectronique. Communiquez avec AIL Mining d\u00e8s aujourd'hui.","og_url":"https:\/\/www.ailmining.com\/fr\/projects\/","og_site_name":"AIL Mining","article_modified_time":"2026-03-03T20:55:21+00:00","twitter_card":"summary_large_image","schema":{"@context":"https:\/\/schema.org","@graph":[{"@type":"WebPage","@id":"https:\/\/www.ailmining.com\/fr\/projects\/","url":"https:\/\/www.ailmining.com\/fr\/projects\/","name":"Projets | AIL Mining","isPartOf":{"@id":"https:\/\/www.ailmining.com\/fr\/#website"},"datePublished":"2018-01-18T16:57:12+00:00","dateModified":"2026-03-03T20:55:21+00:00","description":"Consultez plusieurs \u00e9tudes de cas dans la biblioth\u00e8que de projets d'AIL Mining. Les projets sont class\u00e9s par application ou par produit. Notre gamme diversifi\u00e9e de solutions d'infrastructure de site minier est utilis\u00e9e depuis plus de 50 ans dans le secteur minier. Abonnement au bulletin \u00e9lectronique. Communiquez avec AIL Mining d\u00e8s aujourd'hui.","breadcrumb":{"@id":"https:\/\/www.ailmining.com\/fr\/projects\/#breadcrumb"},"inLanguage":"fr-FR","potentialAction":[{"@type":"ReadAction","target":["https:\/\/www.ailmining.com\/fr\/projects\/"]}]},{"@type":"BreadcrumbList","@id":"https:\/\/www.ailmining.com\/fr\/projects\/#breadcrumb","itemListElement":[{"@type":"ListItem","position":1,"name":"Home","item":"https:\/\/www.ailmining.com\/fr\/"},{"@type":"ListItem","position":2,"name":"Projets"}]},{"@type":"WebSite","@id":"https:\/\/www.ailmining.com\/fr\/#website","url":"https:\/\/www.ailmining.com\/fr\/","name":"AIL Mining","description":"AIL Group of Companies","potentialAction":[{"@type":"SearchAction","target":{"@type":"EntryPoint","urlTemplate":"https:\/\/www.ailmining.com\/fr\/?s={search_term_string}"},"query-input":{"@type":"PropertyValueSpecification","valueRequired":true,"valueName":"search_term_string"}}],"inLanguage":"fr-FR"}]}},"_links":{"self":[{"href":"https:\/\/www.ailmining.com\/fr\/wp-json\/wp\/v2\/pages\/5237","targetHints":{"allow":["GET"]}}],"collection":[{"href":"https:\/\/www.ailmining.com\/fr\/wp-json\/wp\/v2\/pages"}],"about":[{"href":"https:\/\/www.ailmining.com\/fr\/wp-json\/wp\/v2\/types\/page"}],"author":[{"embeddable":true,"href":"https:\/\/www.ailmining.com\/fr\/wp-json\/wp\/v2\/users\/5"}],"replies":[{"embeddable":true,"href":"https:\/\/www.ailmining.com\/fr\/wp-json\/wp\/v2\/comments?post=5237"}],"version-history":[{"count":0,"href":"https:\/\/www.ailmining.com\/fr\/wp-json\/wp\/v2\/pages\/5237\/revisions"}],"wp:attachment":[{"href":"https:\/\/www.ailmining.com\/fr\/wp-json\/wp\/v2\/media?parent=5237"}],"curies":[{"name":"wp","href":"https:\/\/api.w.org\/{rel}","templated":true}]}}