{"id":5235,"date":"2018-01-29T14:56:26","date_gmt":"2018-01-29T14:56:26","guid":{"rendered":"http:\/\/www.ailmining.com\/contact-us\/"},"modified":"2026-01-22T23:46:25","modified_gmt":"2026-01-23T03:46:25","slug":"contact","status":"publish","type":"page","link":"https:\/\/www.ailmining.com\/fr\/contact\/","title":{"rendered":"Communiquez avec nous"},"content":{"rendered":"","protected":false},"excerpt":{"rendered":"","protected":false},"author":5,"featured_media":0,"parent":0,"menu_order":0,"comment_status":"closed","ping_status":"closed","template":"page-contact.php","meta":{"_acf_changed":true,"footnotes":""},"class_list":["post-5235","page","type-page","status-publish","hentry"],"acf":[],"yoast_head":"<!-- This site is optimized with the Yoast SEO plugin v27.3 - https:\/\/yoast.com\/product\/yoast-seo-wordpress\/ -->\n<title>Nous joindre | AIL Mining<\/title>\n<meta name=\"description\" content=\"Communiquez avec le professionnel du secteur minier d&#039;AIL Mining le plus pr\u00e8s de chez vous pour en apprendre davantage sur la fa\u00e7on de demeurer concurrentiel gr\u00e2ce \u00e0 des solutions d&#039;infrastructure de site minier qui vous feront gagner temps et argent. Liste des repr\u00e9sentants sp\u00e9cialistes du secteur minier d&#039;AIL Mining partout en Am\u00e9rique du Nord et dans le monde.\" \/>\n<meta name=\"robots\" content=\"index, follow, max-snippet:-1, max-image-preview:large, max-video-preview:-1\" \/>\n<link rel=\"canonical\" href=\"https:\/\/www.ailmining.com\/fr\/contact\/\" \/>\n<meta property=\"og:locale\" content=\"fr_FR\" \/>\n<meta property=\"og:type\" content=\"article\" \/>\n<meta property=\"og:title\" content=\"Nous joindre | AIL Mining\" \/>\n<meta property=\"og:description\" content=\"Communiquez avec le professionnel du secteur minier d&#039;AIL Mining le plus pr\u00e8s de chez vous pour en apprendre davantage sur la fa\u00e7on de demeurer concurrentiel gr\u00e2ce \u00e0 des solutions d&#039;infrastructure de site minier qui vous feront gagner temps et argent. Liste des repr\u00e9sentants sp\u00e9cialistes du secteur minier d&#039;AIL Mining partout en Am\u00e9rique du Nord et dans le monde.\" \/>\n<meta property=\"og:url\" content=\"https:\/\/www.ailmining.com\/fr\/contact\/\" \/>\n<meta property=\"og:site_name\" content=\"AIL Mining\" \/>\n<meta property=\"article:modified_time\" content=\"2026-01-23T03:46:25+00:00\" \/>\n<meta name=\"twitter:card\" content=\"summary_large_image\" \/>\n<script type=\"application\/ld+json\" class=\"yoast-schema-graph\">{\"@context\":\"https:\\\/\\\/schema.org\",\"@graph\":[{\"@type\":\"WebPage\",\"@id\":\"https:\\\/\\\/www.ailmining.com\\\/fr\\\/contact\\\/\",\"url\":\"https:\\\/\\\/www.ailmining.com\\\/fr\\\/contact\\\/\",\"name\":\"Nous joindre | AIL Mining\",\"isPartOf\":{\"@id\":\"https:\\\/\\\/www.ailmining.com\\\/fr\\\/#website\"},\"datePublished\":\"2018-01-29T14:56:26+00:00\",\"dateModified\":\"2026-01-23T03:46:25+00:00\",\"description\":\"Communiquez avec le professionnel du secteur minier d'AIL Mining le plus pr\u00e8s de chez vous pour en apprendre davantage sur la fa\u00e7on de demeurer concurrentiel gr\u00e2ce \u00e0 des solutions d'infrastructure de site minier qui vous feront gagner temps et argent. Liste des repr\u00e9sentants sp\u00e9cialistes du secteur minier d'AIL Mining partout en Am\u00e9rique du Nord et dans le monde.\",\"breadcrumb\":{\"@id\":\"https:\\\/\\\/www.ailmining.com\\\/fr\\\/contact\\\/#breadcrumb\"},\"inLanguage\":\"fr-FR\",\"potentialAction\":[{\"@type\":\"ReadAction\",\"target\":[\"https:\\\/\\\/www.ailmining.com\\\/fr\\\/contact\\\/\"]}]},{\"@type\":\"BreadcrumbList\",\"@id\":\"https:\\\/\\\/www.ailmining.com\\\/fr\\\/contact\\\/#breadcrumb\",\"itemListElement\":[{\"@type\":\"ListItem\",\"position\":1,\"name\":\"Home\",\"item\":\"https:\\\/\\\/www.ailmining.com\\\/fr\\\/\"},{\"@type\":\"ListItem\",\"position\":2,\"name\":\"Communiquez avec nous\"}]},{\"@type\":\"WebSite\",\"@id\":\"https:\\\/\\\/www.ailmining.com\\\/fr\\\/#website\",\"url\":\"https:\\\/\\\/www.ailmining.com\\\/fr\\\/\",\"name\":\"AIL Mining\",\"description\":\"AIL Group of Companies\",\"potentialAction\":[{\"@type\":\"SearchAction\",\"target\":{\"@type\":\"EntryPoint\",\"urlTemplate\":\"https:\\\/\\\/www.ailmining.com\\\/fr\\\/?s={search_term_string}\"},\"query-input\":{\"@type\":\"PropertyValueSpecification\",\"valueRequired\":true,\"valueName\":\"search_term_string\"}}],\"inLanguage\":\"fr-FR\"}]}<\/script>\n<!-- \/ Yoast SEO plugin. -->","yoast_head_json":{"title":"Nous joindre | AIL Mining","description":"Communiquez avec le professionnel du secteur minier d'AIL Mining le plus pr\u00e8s de chez vous pour en apprendre davantage sur la fa\u00e7on de demeurer concurrentiel gr\u00e2ce \u00e0 des solutions d'infrastructure de site minier qui vous feront gagner temps et argent. Liste des repr\u00e9sentants sp\u00e9cialistes du secteur minier d'AIL Mining partout en Am\u00e9rique du Nord et dans le monde.","robots":{"index":"index","follow":"follow","max-snippet":"max-snippet:-1","max-image-preview":"max-image-preview:large","max-video-preview":"max-video-preview:-1"},"canonical":"https:\/\/www.ailmining.com\/fr\/contact\/","og_locale":"fr_FR","og_type":"article","og_title":"Nous joindre | AIL Mining","og_description":"Communiquez avec le professionnel du secteur minier d'AIL Mining le plus pr\u00e8s de chez vous pour en apprendre davantage sur la fa\u00e7on de demeurer concurrentiel gr\u00e2ce \u00e0 des solutions d'infrastructure de site minier qui vous feront gagner temps et argent. Liste des repr\u00e9sentants sp\u00e9cialistes du secteur minier d'AIL Mining partout en Am\u00e9rique du Nord et dans le monde.","og_url":"https:\/\/www.ailmining.com\/fr\/contact\/","og_site_name":"AIL Mining","article_modified_time":"2026-01-23T03:46:25+00:00","twitter_card":"summary_large_image","schema":{"@context":"https:\/\/schema.org","@graph":[{"@type":"WebPage","@id":"https:\/\/www.ailmining.com\/fr\/contact\/","url":"https:\/\/www.ailmining.com\/fr\/contact\/","name":"Nous joindre | AIL Mining","isPartOf":{"@id":"https:\/\/www.ailmining.com\/fr\/#website"},"datePublished":"2018-01-29T14:56:26+00:00","dateModified":"2026-01-23T03:46:25+00:00","description":"Communiquez avec le professionnel du secteur minier d'AIL Mining le plus pr\u00e8s de chez vous pour en apprendre davantage sur la fa\u00e7on de demeurer concurrentiel gr\u00e2ce \u00e0 des solutions d'infrastructure de site minier qui vous feront gagner temps et argent. Liste des repr\u00e9sentants sp\u00e9cialistes du secteur minier d'AIL Mining partout en Am\u00e9rique du Nord et dans le monde.","breadcrumb":{"@id":"https:\/\/www.ailmining.com\/fr\/contact\/#breadcrumb"},"inLanguage":"fr-FR","potentialAction":[{"@type":"ReadAction","target":["https:\/\/www.ailmining.com\/fr\/contact\/"]}]},{"@type":"BreadcrumbList","@id":"https:\/\/www.ailmining.com\/fr\/contact\/#breadcrumb","itemListElement":[{"@type":"ListItem","position":1,"name":"Home","item":"https:\/\/www.ailmining.com\/fr\/"},{"@type":"ListItem","position":2,"name":"Communiquez avec nous"}]},{"@type":"WebSite","@id":"https:\/\/www.ailmining.com\/fr\/#website","url":"https:\/\/www.ailmining.com\/fr\/","name":"AIL Mining","description":"AIL Group of Companies","potentialAction":[{"@type":"SearchAction","target":{"@type":"EntryPoint","urlTemplate":"https:\/\/www.ailmining.com\/fr\/?s={search_term_string}"},"query-input":{"@type":"PropertyValueSpecification","valueRequired":true,"valueName":"search_term_string"}}],"inLanguage":"fr-FR"}]}},"_links":{"self":[{"href":"https:\/\/www.ailmining.com\/fr\/wp-json\/wp\/v2\/pages\/5235","targetHints":{"allow":["GET"]}}],"collection":[{"href":"https:\/\/www.ailmining.com\/fr\/wp-json\/wp\/v2\/pages"}],"about":[{"href":"https:\/\/www.ailmining.com\/fr\/wp-json\/wp\/v2\/types\/page"}],"author":[{"embeddable":true,"href":"https:\/\/www.ailmining.com\/fr\/wp-json\/wp\/v2\/users\/5"}],"replies":[{"embeddable":true,"href":"https:\/\/www.ailmining.com\/fr\/wp-json\/wp\/v2\/comments?post=5235"}],"version-history":[{"count":0,"href":"https:\/\/www.ailmining.com\/fr\/wp-json\/wp\/v2\/pages\/5235\/revisions"}],"wp:attachment":[{"href":"https:\/\/www.ailmining.com\/fr\/wp-json\/wp\/v2\/media?parent=5235"}],"curies":[{"name":"wp","href":"https:\/\/api.w.org\/{rel}","templated":true}]}}