{"id":5233,"date":"2018-01-30T23:05:57","date_gmt":"2018-01-30T23:05:57","guid":{"rendered":"http:\/\/www.ailmining.com\/about-us\/turn-key-solutions\/"},"modified":"2018-02-10T19:04:20","modified_gmt":"2018-02-10T19:04:20","slug":"turn-key-solutions","status":"publish","type":"page","link":"https:\/\/www.ailmining.com\/fr\/about-us\/turn-key-solutions\/","title":{"rendered":"Solutions cl\u00e9 en main"},"content":{"rendered":"","protected":false},"excerpt":{"rendered":"","protected":false},"author":5,"featured_media":0,"parent":5231,"menu_order":0,"comment_status":"closed","ping_status":"closed","template":"page.php","meta":{"_acf_changed":false,"footnotes":""},"class_list":["post-5233","page","type-page","status-publish","hentry"],"acf":[],"yoast_head":"<!-- This site is optimized with the Yoast SEO plugin v27.1.1 - https:\/\/yoast.com\/product\/yoast-seo-wordpress\/ -->\n<title>Solutions cl\u00e9 en main | AIL Mining<\/title>\n<meta name=\"description\" content=\"Les professionnels du secteur minier d&#039;AIL Mining peuvent vous aider \u00e0 minimiser vos risques et \u00e0 r\u00e9duire vos d\u00e9lais de livraison gr\u00e2ce \u00e0 des solutions cl\u00e9 en main d&#039;infrastructure de site minier. Notre approche int\u00e9gr\u00e9e nous permet d&#039;offrir des services de conception, de fabrication et de construction dans le cadre d&#039;un contrat unique li\u00e9 \u00e0 un seul point de responsabilit\u00e9.\" \/>\n<meta name=\"robots\" content=\"index, follow, max-snippet:-1, max-image-preview:large, max-video-preview:-1\" \/>\n<link rel=\"canonical\" href=\"https:\/\/www.ailmining.com\/fr\/about-us\/turn-key-solutions\/\" \/>\n<meta property=\"og:locale\" content=\"fr_FR\" \/>\n<meta property=\"og:type\" content=\"article\" \/>\n<meta property=\"og:title\" content=\"Solutions cl\u00e9 en main | AIL Mining\" \/>\n<meta property=\"og:description\" content=\"Les professionnels du secteur minier d&#039;AIL Mining peuvent vous aider \u00e0 minimiser vos risques et \u00e0 r\u00e9duire vos d\u00e9lais de livraison gr\u00e2ce \u00e0 des solutions cl\u00e9 en main d&#039;infrastructure de site minier. Notre approche int\u00e9gr\u00e9e nous permet d&#039;offrir des services de conception, de fabrication et de construction dans le cadre d&#039;un contrat unique li\u00e9 \u00e0 un seul point de responsabilit\u00e9.\" \/>\n<meta property=\"og:url\" content=\"https:\/\/www.ailmining.com\/fr\/about-us\/turn-key-solutions\/\" \/>\n<meta property=\"og:site_name\" content=\"AIL Mining\" \/>\n<meta property=\"article:modified_time\" content=\"2018-02-10T19:04:20+00:00\" \/>\n<meta name=\"twitter:card\" content=\"summary_large_image\" \/>\n<script type=\"application\/ld+json\" class=\"yoast-schema-graph\">{\"@context\":\"https:\/\/schema.org\",\"@graph\":[{\"@type\":\"WebPage\",\"@id\":\"https:\/\/www.ailmining.com\/fr\/about-us\/turn-key-solutions\/\",\"url\":\"https:\/\/www.ailmining.com\/fr\/about-us\/turn-key-solutions\/\",\"name\":\"Solutions cl\u00e9 en main | AIL Mining\",\"isPartOf\":{\"@id\":\"https:\/\/www.ailmining.com\/fr\/#website\"},\"datePublished\":\"2018-01-30T23:05:57+00:00\",\"dateModified\":\"2018-02-10T19:04:20+00:00\",\"description\":\"Les professionnels du secteur minier d'AIL Mining peuvent vous aider \u00e0 minimiser vos risques et \u00e0 r\u00e9duire vos d\u00e9lais de livraison gr\u00e2ce \u00e0 des solutions cl\u00e9 en main d'infrastructure de site minier. Notre approche int\u00e9gr\u00e9e nous permet d'offrir des services de conception, de fabrication et de construction dans le cadre d'un contrat unique li\u00e9 \u00e0 un seul point de responsabilit\u00e9.\",\"breadcrumb\":{\"@id\":\"https:\/\/www.ailmining.com\/fr\/about-us\/turn-key-solutions\/#breadcrumb\"},\"inLanguage\":\"fr-FR\",\"potentialAction\":[{\"@type\":\"ReadAction\",\"target\":[\"https:\/\/www.ailmining.com\/fr\/about-us\/turn-key-solutions\/\"]}]},{\"@type\":\"BreadcrumbList\",\"@id\":\"https:\/\/www.ailmining.com\/fr\/about-us\/turn-key-solutions\/#breadcrumb\",\"itemListElement\":[{\"@type\":\"ListItem\",\"position\":1,\"name\":\"Home\",\"item\":\"https:\/\/www.ailmining.com\/fr\/\"},{\"@type\":\"ListItem\",\"position\":2,\"name\":\"\u00c0 propos\",\"item\":\"https:\/\/www.ailmining.com\/fr\/about-us\/\"},{\"@type\":\"ListItem\",\"position\":3,\"name\":\"Solutions cl\u00e9 en main\"}]},{\"@type\":\"WebSite\",\"@id\":\"https:\/\/www.ailmining.com\/fr\/#website\",\"url\":\"https:\/\/www.ailmining.com\/fr\/\",\"name\":\"AIL Mining\",\"description\":\"AIL Group of Companies\",\"potentialAction\":[{\"@type\":\"SearchAction\",\"target\":{\"@type\":\"EntryPoint\",\"urlTemplate\":\"https:\/\/www.ailmining.com\/fr\/?s={search_term_string}\"},\"query-input\":{\"@type\":\"PropertyValueSpecification\",\"valueRequired\":true,\"valueName\":\"search_term_string\"}}],\"inLanguage\":\"fr-FR\"}]}<\/script>\n<!-- \/ Yoast SEO plugin. -->","yoast_head_json":{"title":"Solutions cl\u00e9 en main | AIL Mining","description":"Les professionnels du secteur minier d'AIL Mining peuvent vous aider \u00e0 minimiser vos risques et \u00e0 r\u00e9duire vos d\u00e9lais de livraison gr\u00e2ce \u00e0 des solutions cl\u00e9 en main d'infrastructure de site minier. Notre approche int\u00e9gr\u00e9e nous permet d'offrir des services de conception, de fabrication et de construction dans le cadre d'un contrat unique li\u00e9 \u00e0 un seul point de responsabilit\u00e9.","robots":{"index":"index","follow":"follow","max-snippet":"max-snippet:-1","max-image-preview":"max-image-preview:large","max-video-preview":"max-video-preview:-1"},"canonical":"https:\/\/www.ailmining.com\/fr\/about-us\/turn-key-solutions\/","og_locale":"fr_FR","og_type":"article","og_title":"Solutions cl\u00e9 en main | AIL Mining","og_description":"Les professionnels du secteur minier d'AIL Mining peuvent vous aider \u00e0 minimiser vos risques et \u00e0 r\u00e9duire vos d\u00e9lais de livraison gr\u00e2ce \u00e0 des solutions cl\u00e9 en main d'infrastructure de site minier. Notre approche int\u00e9gr\u00e9e nous permet d'offrir des services de conception, de fabrication et de construction dans le cadre d'un contrat unique li\u00e9 \u00e0 un seul point de responsabilit\u00e9.","og_url":"https:\/\/www.ailmining.com\/fr\/about-us\/turn-key-solutions\/","og_site_name":"AIL Mining","article_modified_time":"2018-02-10T19:04:20+00:00","twitter_card":"summary_large_image","schema":{"@context":"https:\/\/schema.org","@graph":[{"@type":"WebPage","@id":"https:\/\/www.ailmining.com\/fr\/about-us\/turn-key-solutions\/","url":"https:\/\/www.ailmining.com\/fr\/about-us\/turn-key-solutions\/","name":"Solutions cl\u00e9 en main | AIL Mining","isPartOf":{"@id":"https:\/\/www.ailmining.com\/fr\/#website"},"datePublished":"2018-01-30T23:05:57+00:00","dateModified":"2018-02-10T19:04:20+00:00","description":"Les professionnels du secteur minier d'AIL Mining peuvent vous aider \u00e0 minimiser vos risques et \u00e0 r\u00e9duire vos d\u00e9lais de livraison gr\u00e2ce \u00e0 des solutions cl\u00e9 en main d'infrastructure de site minier. Notre approche int\u00e9gr\u00e9e nous permet d'offrir des services de conception, de fabrication et de construction dans le cadre d'un contrat unique li\u00e9 \u00e0 un seul point de responsabilit\u00e9.","breadcrumb":{"@id":"https:\/\/www.ailmining.com\/fr\/about-us\/turn-key-solutions\/#breadcrumb"},"inLanguage":"fr-FR","potentialAction":[{"@type":"ReadAction","target":["https:\/\/www.ailmining.com\/fr\/about-us\/turn-key-solutions\/"]}]},{"@type":"BreadcrumbList","@id":"https:\/\/www.ailmining.com\/fr\/about-us\/turn-key-solutions\/#breadcrumb","itemListElement":[{"@type":"ListItem","position":1,"name":"Home","item":"https:\/\/www.ailmining.com\/fr\/"},{"@type":"ListItem","position":2,"name":"\u00c0 propos","item":"https:\/\/www.ailmining.com\/fr\/about-us\/"},{"@type":"ListItem","position":3,"name":"Solutions cl\u00e9 en main"}]},{"@type":"WebSite","@id":"https:\/\/www.ailmining.com\/fr\/#website","url":"https:\/\/www.ailmining.com\/fr\/","name":"AIL Mining","description":"AIL Group of Companies","potentialAction":[{"@type":"SearchAction","target":{"@type":"EntryPoint","urlTemplate":"https:\/\/www.ailmining.com\/fr\/?s={search_term_string}"},"query-input":{"@type":"PropertyValueSpecification","valueRequired":true,"valueName":"search_term_string"}}],"inLanguage":"fr-FR"}]}},"_links":{"self":[{"href":"https:\/\/www.ailmining.com\/fr\/wp-json\/wp\/v2\/pages\/5233","targetHints":{"allow":["GET"]}}],"collection":[{"href":"https:\/\/www.ailmining.com\/fr\/wp-json\/wp\/v2\/pages"}],"about":[{"href":"https:\/\/www.ailmining.com\/fr\/wp-json\/wp\/v2\/types\/page"}],"author":[{"embeddable":true,"href":"https:\/\/www.ailmining.com\/fr\/wp-json\/wp\/v2\/users\/5"}],"replies":[{"embeddable":true,"href":"https:\/\/www.ailmining.com\/fr\/wp-json\/wp\/v2\/comments?post=5233"}],"version-history":[{"count":0,"href":"https:\/\/www.ailmining.com\/fr\/wp-json\/wp\/v2\/pages\/5233\/revisions"}],"up":[{"embeddable":true,"href":"https:\/\/www.ailmining.com\/fr\/wp-json\/wp\/v2\/pages\/5231"}],"wp:attachment":[{"href":"https:\/\/www.ailmining.com\/fr\/wp-json\/wp\/v2\/media?parent=5233"}],"curies":[{"name":"wp","href":"https:\/\/api.w.org\/{rel}","templated":true}]}}