{"id":5231,"date":"2018-01-29T15:03:31","date_gmt":"2018-01-29T15:03:31","guid":{"rendered":"http:\/\/www.ailmining.com\/about-us\/"},"modified":"2023-11-09T10:57:32","modified_gmt":"2023-11-09T14:57:32","slug":"about-us","status":"publish","type":"page","link":"https:\/\/www.ailmining.com\/fr\/about-us\/","title":{"rendered":"\u00c0 propos"},"content":{"rendered":"","protected":false},"excerpt":{"rendered":"","protected":false},"author":5,"featured_media":0,"parent":0,"menu_order":0,"comment_status":"closed","ping_status":"closed","template":"page.php","meta":{"_acf_changed":false,"footnotes":""},"class_list":["post-5231","page","type-page","status-publish","hentry"],"acf":[],"yoast_head":"<!-- This site is optimized with the Yoast SEO plugin v27.3 - https:\/\/yoast.com\/product\/yoast-seo-wordpress\/ -->\n<title>\u00c0 propos | AIL Mining<\/title>\n<meta name=\"description\" content=\"Les professionnels du secteur minier d&#039;AIL Mining peuvent vous aider \u00e0 rester concurrentiel gr\u00e2ce \u00e0 des solutions d&#039;infrastructure de site minier qui vous font gagner temps et argent. Nos solutions d&#039;infrastructure de site minier r\u00e9pondent aux besoins diversifi\u00e9s du secteur minier et r\u00e9sistent aux conditions climatiques souvent rigoureuses des exploitations mini\u00e8res. Communiquez avec AIL Mining d\u00e8s aujourd&#039;hui pour acc\u00e9l\u00e9rer la r\u00e9alisation de votre projet.\" \/>\n<meta name=\"robots\" content=\"index, follow, max-snippet:-1, max-image-preview:large, max-video-preview:-1\" \/>\n<link rel=\"canonical\" href=\"https:\/\/www.ailmining.com\/fr\/about-us\/\" \/>\n<meta property=\"og:locale\" content=\"fr_FR\" \/>\n<meta property=\"og:type\" content=\"article\" \/>\n<meta property=\"og:title\" content=\"\u00c0 propos | AIL Mining\" \/>\n<meta property=\"og:description\" content=\"Les professionnels du secteur minier d&#039;AIL Mining peuvent vous aider \u00e0 rester concurrentiel gr\u00e2ce \u00e0 des solutions d&#039;infrastructure de site minier qui vous font gagner temps et argent. Nos solutions d&#039;infrastructure de site minier r\u00e9pondent aux besoins diversifi\u00e9s du secteur minier et r\u00e9sistent aux conditions climatiques souvent rigoureuses des exploitations mini\u00e8res. Communiquez avec AIL Mining d\u00e8s aujourd&#039;hui pour acc\u00e9l\u00e9rer la r\u00e9alisation de votre projet.\" \/>\n<meta property=\"og:url\" content=\"https:\/\/www.ailmining.com\/fr\/about-us\/\" \/>\n<meta property=\"og:site_name\" content=\"AIL Mining\" \/>\n<meta property=\"article:modified_time\" content=\"2023-11-09T14:57:32+00:00\" \/>\n<meta name=\"twitter:card\" content=\"summary_large_image\" \/>\n<script type=\"application\/ld+json\" class=\"yoast-schema-graph\">{\"@context\":\"https:\\\/\\\/schema.org\",\"@graph\":[{\"@type\":\"WebPage\",\"@id\":\"https:\\\/\\\/www.ailmining.com\\\/fr\\\/about-us\\\/\",\"url\":\"https:\\\/\\\/www.ailmining.com\\\/fr\\\/about-us\\\/\",\"name\":\"\u00c0 propos | AIL Mining\",\"isPartOf\":{\"@id\":\"https:\\\/\\\/www.ailmining.com\\\/fr\\\/#website\"},\"datePublished\":\"2018-01-29T15:03:31+00:00\",\"dateModified\":\"2023-11-09T14:57:32+00:00\",\"description\":\"Les professionnels du secteur minier d'AIL Mining peuvent vous aider \u00e0 rester concurrentiel gr\u00e2ce \u00e0 des solutions d'infrastructure de site minier qui vous font gagner temps et argent. Nos solutions d'infrastructure de site minier r\u00e9pondent aux besoins diversifi\u00e9s du secteur minier et r\u00e9sistent aux conditions climatiques souvent rigoureuses des exploitations mini\u00e8res. Communiquez avec AIL Mining d\u00e8s aujourd'hui pour acc\u00e9l\u00e9rer la r\u00e9alisation de votre projet.\",\"breadcrumb\":{\"@id\":\"https:\\\/\\\/www.ailmining.com\\\/fr\\\/about-us\\\/#breadcrumb\"},\"inLanguage\":\"fr-FR\",\"potentialAction\":[{\"@type\":\"ReadAction\",\"target\":[\"https:\\\/\\\/www.ailmining.com\\\/fr\\\/about-us\\\/\"]}]},{\"@type\":\"BreadcrumbList\",\"@id\":\"https:\\\/\\\/www.ailmining.com\\\/fr\\\/about-us\\\/#breadcrumb\",\"itemListElement\":[{\"@type\":\"ListItem\",\"position\":1,\"name\":\"Home\",\"item\":\"https:\\\/\\\/www.ailmining.com\\\/fr\\\/\"},{\"@type\":\"ListItem\",\"position\":2,\"name\":\"\u00c0 propos\"}]},{\"@type\":\"WebSite\",\"@id\":\"https:\\\/\\\/www.ailmining.com\\\/fr\\\/#website\",\"url\":\"https:\\\/\\\/www.ailmining.com\\\/fr\\\/\",\"name\":\"AIL Mining\",\"description\":\"AIL Group of Companies\",\"potentialAction\":[{\"@type\":\"SearchAction\",\"target\":{\"@type\":\"EntryPoint\",\"urlTemplate\":\"https:\\\/\\\/www.ailmining.com\\\/fr\\\/?s={search_term_string}\"},\"query-input\":{\"@type\":\"PropertyValueSpecification\",\"valueRequired\":true,\"valueName\":\"search_term_string\"}}],\"inLanguage\":\"fr-FR\"}]}<\/script>\n<!-- \/ Yoast SEO plugin. -->","yoast_head_json":{"title":"\u00c0 propos | AIL Mining","description":"Les professionnels du secteur minier d'AIL Mining peuvent vous aider \u00e0 rester concurrentiel gr\u00e2ce \u00e0 des solutions d'infrastructure de site minier qui vous font gagner temps et argent. Nos solutions d'infrastructure de site minier r\u00e9pondent aux besoins diversifi\u00e9s du secteur minier et r\u00e9sistent aux conditions climatiques souvent rigoureuses des exploitations mini\u00e8res. Communiquez avec AIL Mining d\u00e8s aujourd'hui pour acc\u00e9l\u00e9rer la r\u00e9alisation de votre projet.","robots":{"index":"index","follow":"follow","max-snippet":"max-snippet:-1","max-image-preview":"max-image-preview:large","max-video-preview":"max-video-preview:-1"},"canonical":"https:\/\/www.ailmining.com\/fr\/about-us\/","og_locale":"fr_FR","og_type":"article","og_title":"\u00c0 propos | AIL Mining","og_description":"Les professionnels du secteur minier d'AIL Mining peuvent vous aider \u00e0 rester concurrentiel gr\u00e2ce \u00e0 des solutions d'infrastructure de site minier qui vous font gagner temps et argent. Nos solutions d'infrastructure de site minier r\u00e9pondent aux besoins diversifi\u00e9s du secteur minier et r\u00e9sistent aux conditions climatiques souvent rigoureuses des exploitations mini\u00e8res. Communiquez avec AIL Mining d\u00e8s aujourd'hui pour acc\u00e9l\u00e9rer la r\u00e9alisation de votre projet.","og_url":"https:\/\/www.ailmining.com\/fr\/about-us\/","og_site_name":"AIL Mining","article_modified_time":"2023-11-09T14:57:32+00:00","twitter_card":"summary_large_image","schema":{"@context":"https:\/\/schema.org","@graph":[{"@type":"WebPage","@id":"https:\/\/www.ailmining.com\/fr\/about-us\/","url":"https:\/\/www.ailmining.com\/fr\/about-us\/","name":"\u00c0 propos | AIL Mining","isPartOf":{"@id":"https:\/\/www.ailmining.com\/fr\/#website"},"datePublished":"2018-01-29T15:03:31+00:00","dateModified":"2023-11-09T14:57:32+00:00","description":"Les professionnels du secteur minier d'AIL Mining peuvent vous aider \u00e0 rester concurrentiel gr\u00e2ce \u00e0 des solutions d'infrastructure de site minier qui vous font gagner temps et argent. Nos solutions d'infrastructure de site minier r\u00e9pondent aux besoins diversifi\u00e9s du secteur minier et r\u00e9sistent aux conditions climatiques souvent rigoureuses des exploitations mini\u00e8res. Communiquez avec AIL Mining d\u00e8s aujourd'hui pour acc\u00e9l\u00e9rer la r\u00e9alisation de votre projet.","breadcrumb":{"@id":"https:\/\/www.ailmining.com\/fr\/about-us\/#breadcrumb"},"inLanguage":"fr-FR","potentialAction":[{"@type":"ReadAction","target":["https:\/\/www.ailmining.com\/fr\/about-us\/"]}]},{"@type":"BreadcrumbList","@id":"https:\/\/www.ailmining.com\/fr\/about-us\/#breadcrumb","itemListElement":[{"@type":"ListItem","position":1,"name":"Home","item":"https:\/\/www.ailmining.com\/fr\/"},{"@type":"ListItem","position":2,"name":"\u00c0 propos"}]},{"@type":"WebSite","@id":"https:\/\/www.ailmining.com\/fr\/#website","url":"https:\/\/www.ailmining.com\/fr\/","name":"AIL Mining","description":"AIL Group of Companies","potentialAction":[{"@type":"SearchAction","target":{"@type":"EntryPoint","urlTemplate":"https:\/\/www.ailmining.com\/fr\/?s={search_term_string}"},"query-input":{"@type":"PropertyValueSpecification","valueRequired":true,"valueName":"search_term_string"}}],"inLanguage":"fr-FR"}]}},"_links":{"self":[{"href":"https:\/\/www.ailmining.com\/fr\/wp-json\/wp\/v2\/pages\/5231","targetHints":{"allow":["GET"]}}],"collection":[{"href":"https:\/\/www.ailmining.com\/fr\/wp-json\/wp\/v2\/pages"}],"about":[{"href":"https:\/\/www.ailmining.com\/fr\/wp-json\/wp\/v2\/types\/page"}],"author":[{"embeddable":true,"href":"https:\/\/www.ailmining.com\/fr\/wp-json\/wp\/v2\/users\/5"}],"replies":[{"embeddable":true,"href":"https:\/\/www.ailmining.com\/fr\/wp-json\/wp\/v2\/comments?post=5231"}],"version-history":[{"count":0,"href":"https:\/\/www.ailmining.com\/fr\/wp-json\/wp\/v2\/pages\/5231\/revisions"}],"wp:attachment":[{"href":"https:\/\/www.ailmining.com\/fr\/wp-json\/wp\/v2\/media?parent=5231"}],"curies":[{"name":"wp","href":"https:\/\/api.w.org\/{rel}","templated":true}]}}