{"id":4951,"date":"2018-01-18T16:19:54","date_gmt":"2018-01-18T16:19:54","guid":{"rendered":"http:\/\/www.ailmining.com\/?page_id=4951"},"modified":"2025-08-15T11:17:22","modified_gmt":"2025-08-15T14:17:22","slug":"applications","status":"publish","type":"page","link":"https:\/\/www.ailmining.com\/fr\/applications\/","title":{"rendered":"Applications"},"content":{"rendered":"","protected":false},"excerpt":{"rendered":"","protected":false},"author":5,"featured_media":0,"parent":0,"menu_order":0,"comment_status":"closed","ping_status":"closed","template":"page-sector.php","meta":{"_acf_changed":true,"footnotes":""},"class_list":["post-4951","page","type-page","status-publish","hentry"],"acf":[],"yoast_head":"<!-- This site is optimized with the Yoast SEO plugin v27.3 - https:\/\/yoast.com\/product\/yoast-seo-wordpress\/ -->\n<title>Solutions d&#039;infrastructure de site minier | AIL Mining<\/title>\n<meta name=\"description\" content=\"Solutions d&#039;infrastructure de site minier d&#039;AIL Mining pr\u00e9sent\u00e9es par type d&#039;application. AIL Mining offre diverses solutions d&#039;infrastructure de site minier qui r\u00e9pondent aux besoins diversifi\u00e9s de l&#039;industrie mini\u00e8re et r\u00e9sistent aux conditions climatiques souvent rigoureuses dans le secteur minier. Communiquez avec nous d\u00e8s aujourd&#039;hui pour savoir comment AIL Mining peut acc\u00e9l\u00e9rer la r\u00e9alisation de votre projet.\" \/>\n<meta name=\"robots\" content=\"index, follow, max-snippet:-1, max-image-preview:large, max-video-preview:-1\" \/>\n<link rel=\"canonical\" href=\"https:\/\/www.ailmining.com\/fr\/applications\/\" \/>\n<meta property=\"og:locale\" content=\"fr_FR\" \/>\n<meta property=\"og:type\" content=\"article\" \/>\n<meta property=\"og:title\" content=\"Solutions d&#039;infrastructure de site minier | AIL Mining\" \/>\n<meta property=\"og:description\" content=\"Solutions d&#039;infrastructure de site minier d&#039;AIL Mining pr\u00e9sent\u00e9es par type d&#039;application. AIL Mining offre diverses solutions d&#039;infrastructure de site minier qui r\u00e9pondent aux besoins diversifi\u00e9s de l&#039;industrie mini\u00e8re et r\u00e9sistent aux conditions climatiques souvent rigoureuses dans le secteur minier. Communiquez avec nous d\u00e8s aujourd&#039;hui pour savoir comment AIL Mining peut acc\u00e9l\u00e9rer la r\u00e9alisation de votre projet.\" \/>\n<meta property=\"og:url\" content=\"https:\/\/www.ailmining.com\/fr\/applications\/\" \/>\n<meta property=\"og:site_name\" content=\"AIL Mining\" \/>\n<meta property=\"article:modified_time\" content=\"2025-08-15T14:17:22+00:00\" \/>\n<meta name=\"twitter:card\" content=\"summary_large_image\" \/>\n<script type=\"application\/ld+json\" class=\"yoast-schema-graph\">{\"@context\":\"https:\\\/\\\/schema.org\",\"@graph\":[{\"@type\":\"WebPage\",\"@id\":\"https:\\\/\\\/www.ailmining.com\\\/fr\\\/applications\\\/\",\"url\":\"https:\\\/\\\/www.ailmining.com\\\/fr\\\/applications\\\/\",\"name\":\"Solutions d'infrastructure de site minier | AIL Mining\",\"isPartOf\":{\"@id\":\"https:\\\/\\\/www.ailmining.com\\\/fr\\\/#website\"},\"datePublished\":\"2018-01-18T16:19:54+00:00\",\"dateModified\":\"2025-08-15T14:17:22+00:00\",\"description\":\"Solutions d'infrastructure de site minier d'AIL Mining pr\u00e9sent\u00e9es par type d'application. AIL Mining offre diverses solutions d'infrastructure de site minier qui r\u00e9pondent aux besoins diversifi\u00e9s de l'industrie mini\u00e8re et r\u00e9sistent aux conditions climatiques souvent rigoureuses dans le secteur minier. Communiquez avec nous d\u00e8s aujourd'hui pour savoir comment AIL Mining peut acc\u00e9l\u00e9rer la r\u00e9alisation de votre projet.\",\"breadcrumb\":{\"@id\":\"https:\\\/\\\/www.ailmining.com\\\/fr\\\/applications\\\/#breadcrumb\"},\"inLanguage\":\"fr-FR\",\"potentialAction\":[{\"@type\":\"ReadAction\",\"target\":[\"https:\\\/\\\/www.ailmining.com\\\/fr\\\/applications\\\/\"]}]},{\"@type\":\"BreadcrumbList\",\"@id\":\"https:\\\/\\\/www.ailmining.com\\\/fr\\\/applications\\\/#breadcrumb\",\"itemListElement\":[{\"@type\":\"ListItem\",\"position\":1,\"name\":\"Home\",\"item\":\"https:\\\/\\\/www.ailmining.com\\\/fr\\\/\"},{\"@type\":\"ListItem\",\"position\":2,\"name\":\"Applications\"}]},{\"@type\":\"WebSite\",\"@id\":\"https:\\\/\\\/www.ailmining.com\\\/fr\\\/#website\",\"url\":\"https:\\\/\\\/www.ailmining.com\\\/fr\\\/\",\"name\":\"AIL Mining\",\"description\":\"AIL Group of Companies\",\"potentialAction\":[{\"@type\":\"SearchAction\",\"target\":{\"@type\":\"EntryPoint\",\"urlTemplate\":\"https:\\\/\\\/www.ailmining.com\\\/fr\\\/?s={search_term_string}\"},\"query-input\":{\"@type\":\"PropertyValueSpecification\",\"valueRequired\":true,\"valueName\":\"search_term_string\"}}],\"inLanguage\":\"fr-FR\"}]}<\/script>\n<!-- \/ Yoast SEO plugin. -->","yoast_head_json":{"title":"Solutions d'infrastructure de site minier | AIL Mining","description":"Solutions d'infrastructure de site minier d'AIL Mining pr\u00e9sent\u00e9es par type d'application. AIL Mining offre diverses solutions d'infrastructure de site minier qui r\u00e9pondent aux besoins diversifi\u00e9s de l'industrie mini\u00e8re et r\u00e9sistent aux conditions climatiques souvent rigoureuses dans le secteur minier. Communiquez avec nous d\u00e8s aujourd'hui pour savoir comment AIL Mining peut acc\u00e9l\u00e9rer la r\u00e9alisation de votre projet.","robots":{"index":"index","follow":"follow","max-snippet":"max-snippet:-1","max-image-preview":"max-image-preview:large","max-video-preview":"max-video-preview:-1"},"canonical":"https:\/\/www.ailmining.com\/fr\/applications\/","og_locale":"fr_FR","og_type":"article","og_title":"Solutions d'infrastructure de site minier | AIL Mining","og_description":"Solutions d'infrastructure de site minier d'AIL Mining pr\u00e9sent\u00e9es par type d'application. AIL Mining offre diverses solutions d'infrastructure de site minier qui r\u00e9pondent aux besoins diversifi\u00e9s de l'industrie mini\u00e8re et r\u00e9sistent aux conditions climatiques souvent rigoureuses dans le secteur minier. Communiquez avec nous d\u00e8s aujourd'hui pour savoir comment AIL Mining peut acc\u00e9l\u00e9rer la r\u00e9alisation de votre projet.","og_url":"https:\/\/www.ailmining.com\/fr\/applications\/","og_site_name":"AIL Mining","article_modified_time":"2025-08-15T14:17:22+00:00","twitter_card":"summary_large_image","schema":{"@context":"https:\/\/schema.org","@graph":[{"@type":"WebPage","@id":"https:\/\/www.ailmining.com\/fr\/applications\/","url":"https:\/\/www.ailmining.com\/fr\/applications\/","name":"Solutions d'infrastructure de site minier | AIL Mining","isPartOf":{"@id":"https:\/\/www.ailmining.com\/fr\/#website"},"datePublished":"2018-01-18T16:19:54+00:00","dateModified":"2025-08-15T14:17:22+00:00","description":"Solutions d'infrastructure de site minier d'AIL Mining pr\u00e9sent\u00e9es par type d'application. AIL Mining offre diverses solutions d'infrastructure de site minier qui r\u00e9pondent aux besoins diversifi\u00e9s de l'industrie mini\u00e8re et r\u00e9sistent aux conditions climatiques souvent rigoureuses dans le secteur minier. Communiquez avec nous d\u00e8s aujourd'hui pour savoir comment AIL Mining peut acc\u00e9l\u00e9rer la r\u00e9alisation de votre projet.","breadcrumb":{"@id":"https:\/\/www.ailmining.com\/fr\/applications\/#breadcrumb"},"inLanguage":"fr-FR","potentialAction":[{"@type":"ReadAction","target":["https:\/\/www.ailmining.com\/fr\/applications\/"]}]},{"@type":"BreadcrumbList","@id":"https:\/\/www.ailmining.com\/fr\/applications\/#breadcrumb","itemListElement":[{"@type":"ListItem","position":1,"name":"Home","item":"https:\/\/www.ailmining.com\/fr\/"},{"@type":"ListItem","position":2,"name":"Applications"}]},{"@type":"WebSite","@id":"https:\/\/www.ailmining.com\/fr\/#website","url":"https:\/\/www.ailmining.com\/fr\/","name":"AIL Mining","description":"AIL Group of Companies","potentialAction":[{"@type":"SearchAction","target":{"@type":"EntryPoint","urlTemplate":"https:\/\/www.ailmining.com\/fr\/?s={search_term_string}"},"query-input":{"@type":"PropertyValueSpecification","valueRequired":true,"valueName":"search_term_string"}}],"inLanguage":"fr-FR"}]}},"_links":{"self":[{"href":"https:\/\/www.ailmining.com\/fr\/wp-json\/wp\/v2\/pages\/4951","targetHints":{"allow":["GET"]}}],"collection":[{"href":"https:\/\/www.ailmining.com\/fr\/wp-json\/wp\/v2\/pages"}],"about":[{"href":"https:\/\/www.ailmining.com\/fr\/wp-json\/wp\/v2\/types\/page"}],"author":[{"embeddable":true,"href":"https:\/\/www.ailmining.com\/fr\/wp-json\/wp\/v2\/users\/5"}],"replies":[{"embeddable":true,"href":"https:\/\/www.ailmining.com\/fr\/wp-json\/wp\/v2\/comments?post=4951"}],"version-history":[{"count":0,"href":"https:\/\/www.ailmining.com\/fr\/wp-json\/wp\/v2\/pages\/4951\/revisions"}],"wp:attachment":[{"href":"https:\/\/www.ailmining.com\/fr\/wp-json\/wp\/v2\/media?parent=4951"}],"curies":[{"name":"wp","href":"https:\/\/api.w.org\/{rel}","templated":true}]}}